{"id":11583,"date":"2026-04-15T18:13:14","date_gmt":"2026-04-15T18:13:14","guid":{"rendered":"https:\/\/noti-xpi.org\/?page_id=11583"},"modified":"2026-04-17T18:30:48","modified_gmt":"2026-04-17T18:30:48","slug":"nueva-temporada-de-homolongevus-100-anos-y-mas","status":"publish","type":"page","link":"https:\/\/noti-xpi.org\/?page_id=11583","title":{"rendered":"NUEVA TEMPORADA DE \u00abHOMOLONGEVUS 100 A\u00d1OS Y M\u00c1S\u201d"},"content":{"rendered":"<h1 style=\"text-align: center;\"><span style=\"color: #040438;\"><em><b>NUEVA TEMPORADA DE \u00abHOMOLONGEVUS 100 A\u00d1OS Y M\u00c1S\u201d<\/b><\/em><\/span><\/h1>\n<p><img loading=\"lazy\" decoding=\"async\" class=\"alignnone size-full wp-image-11587\" src=\"https:\/\/noti-xpi.org\/wp-content\/uploads\/2026\/04\/Beatriz-Evangelista5.jpeg\" alt=\"\" width=\"1280\" height=\"591\" srcset=\"https:\/\/noti-xpi.org\/wp-content\/uploads\/2026\/04\/Beatriz-Evangelista5.jpeg 1280w, https:\/\/noti-xpi.org\/wp-content\/uploads\/2026\/04\/Beatriz-Evangelista5-300x139.jpeg 300w, https:\/\/noti-xpi.org\/wp-content\/uploads\/2026\/04\/Beatriz-Evangelista5-1024x473.jpeg 1024w, https:\/\/noti-xpi.org\/wp-content\/uploads\/2026\/04\/Beatriz-Evangelista5-768x355.jpeg 768w\" sizes=\"auto, (max-width: 1280px) 100vw, 1280px\" \/><\/p>\n<p style=\"font-weight: 400;\"><span style=\"color: #000000;\"><strong>MAUSSAN TELEVISI\u00d3N Y BEATRIZ EVANGELISTA PRESENTAN UNA NUEVA TEMPORADA DE \u00abHOMOLONGEVUS 100 A\u00d1OS Y M\u00c1S\u201d<\/strong><\/span><\/p>\n<p style=\"font-weight: 400;\"><span style=\"color: #000000;\"><strong>\u00a0<\/strong><strong>La reconocida periodista de investigaci\u00f3n estrena nueva temporada este domingo 19 de abril<\/strong><\/span><\/p>\n<p style=\"font-weight: 400;\"><span style=\"color: #000000;\"><strong>\u00a0<\/strong><strong>A trav\u00e9s de casos reales de \u00abBiohackers del estilo de vida\u00bb, el programa revelar\u00e1 c\u00f3mo impactar la biolog\u00eda propia para frenar el envejecimiento prematuro y lograr la Antiedad<\/strong><\/span><\/p>\n<p><span style=\"color: #000000;\">En un momento donde la ciencia y el bienestar convergen para redefinir el l\u00edmite de la vida humana, la periodista e investigadora Beatriz Evangelista, en coproducci\u00f3n con Maussan Televisi\u00f3n, anuncia el estreno de la nueva temporada de \u00abHOMOLONGEVUS: 100 A\u00d1OS Y M\u00c1S\u00bb<\/span><br \/>\n<span style=\"color: #000000;\">Tras posicionarse como la voz l\u00edder en periodismo de longevidad en M\u00e9xico, Beatriz Evangelista \u2014quien consolid\u00f3 su trayectoria en programas ic\u00f3nicos como \u00ab60 Minutos\u00bb; \u00abHoy Mismo\u00bb y \u00abEco Noticias\u00bb\u2014 regresa a la pantalla para presentar el concepto que define al ser humano del siglo XXI: El Homolongevus.<\/span><\/p>\n<p><img loading=\"lazy\" decoding=\"async\" class=\"alignnone size-full wp-image-11578\" src=\"https:\/\/noti-xpi.org\/wp-content\/uploads\/2026\/04\/1001-scaled-e1776448740112.jpg\" alt=\"\" width=\"2560\" height=\"1532\" srcset=\"https:\/\/noti-xpi.org\/wp-content\/uploads\/2026\/04\/1001-scaled-e1776448740112.jpg 2560w, https:\/\/noti-xpi.org\/wp-content\/uploads\/2026\/04\/1001-scaled-e1776448740112-300x180.jpg 300w, https:\/\/noti-xpi.org\/wp-content\/uploads\/2026\/04\/1001-scaled-e1776448740112-1024x613.jpg 1024w, https:\/\/noti-xpi.org\/wp-content\/uploads\/2026\/04\/1001-scaled-e1776448740112-768x460.jpg 768w, https:\/\/noti-xpi.org\/wp-content\/uploads\/2026\/04\/1001-scaled-e1776448740112-1536x919.jpg 1536w, https:\/\/noti-xpi.org\/wp-content\/uploads\/2026\/04\/1001-scaled-e1776448740112-2048x1226.jpg 2048w\" sizes=\"auto, (max-width: 2560px) 100vw, 2560px\" \/><\/p>\n<p><span style=\"color: #000000;\">Inspiraci\u00f3n a trav\u00e9s del Biohacking Esta nueva entrega adem\u00e1s de los consejos tradicionales de salud se adentra en el mundo de los \u00abBiohackers del estilo de vida\u00bb. El programa presentar\u00e1 testimonios de personas reales que han logrado transformar su biolog\u00eda y apariencia, demostrando que la anti-edad y la longevidad saludable no son una promesa del futuro, sino una realidad alcanzable hoy.<\/span><\/p>\n<p><span style=\"color: #000000;\">\u00abEl Homolongevus no es solo alguien que vive mucho tiempo; es quien decide participar activamente en su biolog\u00eda para disfrutar de una vida con bienestar y un envejecimiento \u00f3ptimo\u00bb; afirma Beatriz Evangelista, creadora del concepto, que desde 2012 ha sido punta de lanza en la televisi\u00f3n nacional.<\/span><\/p>\n<p><span style=\"color: #000000;\">C\u00e1psulas de expectativa y estreno multiplataforma como antesala al gran estreno, Maussan Televisi\u00f3n ha comenzado la transmisi\u00f3n de c\u00e1psulas especiales que reconocen la trayectoria de Beatriz Evangelista y ofrecen un vistazo exclusivo a las t\u00e9cnicas de optimizaci\u00f3n biol\u00f3gica de los biohakers del estilo de vida que participan en la nueva temporada como: una joven de 30 con 50 a\u00f1os cronol\u00f3gicos quien compartir\u00e1 los secretos que la han llevado a la anti edad; un vegano bioenerg\u00e9tico que ha logrado hackear el envejecimiento prematuro a trav\u00e9s de su estilo de alimentaci\u00f3n; un hombre desahuciado a los 28 que contin\u00faa vivo, sano y adem\u00e1s jovial a sus 55 a\u00f1os; una leyenda del ironman, Luis \u00c1lvarez, quien a sus 64 a\u00f1os ha completado 216 ironman y sigue realizando haza\u00f1as extraordinarias al escalar la monta\u00f1a m\u00e1s alta de Ocean\u00eda, rompiendo no solo dos nuevos r\u00e9cords mundiales sino tambi\u00e9n el paradigma de la llamada tercera edad.<\/span><\/p>\n<p><img loading=\"lazy\" decoding=\"async\" class=\"alignnone size-full wp-image-11586\" src=\"https:\/\/noti-xpi.org\/wp-content\/uploads\/2026\/04\/Beatriz-Evangelista-4.jpeg\" alt=\"\" width=\"1280\" height=\"960\" srcset=\"https:\/\/noti-xpi.org\/wp-content\/uploads\/2026\/04\/Beatriz-Evangelista-4.jpeg 1280w, https:\/\/noti-xpi.org\/wp-content\/uploads\/2026\/04\/Beatriz-Evangelista-4-300x225.jpeg 300w, https:\/\/noti-xpi.org\/wp-content\/uploads\/2026\/04\/Beatriz-Evangelista-4-1024x768.jpeg 1024w, https:\/\/noti-xpi.org\/wp-content\/uploads\/2026\/04\/Beatriz-Evangelista-4-768x576.jpeg 768w\" sizes=\"auto, (max-width: 1280px) 100vw, 1280px\" \/><\/p>\n<h3 style=\"text-align: center;\"><em><strong><span style=\"color: #000000;\">El estreno oficial ser\u00e1 el pr\u00f3ximo domingo 19 de abril a las 12:30 horas (CDMX) a trav\u00e9s de una robusta cobertura multiplataforma que garantiza alcance nacional e internacional: <\/span><span style=\"color: #000000;\">Televisi\u00f3n Abierta: Canal 3.3 nacional.<\/span><\/strong><\/em><\/h3>\n<p><span style=\"color: #000000;\">Sistemas de Cable: Total Play (355), Star TV (195) e IZZI (419).<\/span><br \/>\n<span style=\"color: #000000;\">Alcance Global: YouTube a trav\u00e9s del canal oficial de Maussan Televisi\u00f3n.<\/span><\/p>\n<p><span style=\"color: #000000;\">Maussan Televisi\u00f3n buena televisi\u00f3n, lo puedes ver a trav\u00e9s del canal 3.3 de televisi\u00f3n nacional, ahora en el 415 de Izzi, 355 de TotalPlay, 195 de StarTV y tambi\u00e9n las 24 hrs., por YouTube<\/span><\/p>\n<p><img loading=\"lazy\" decoding=\"async\" class=\"alignnone size-full wp-image-11588\" src=\"https:\/\/noti-xpi.org\/wp-content\/uploads\/2026\/04\/Beatriz-Evangelista.png\" alt=\"\" width=\"1667\" height=\"2500\" srcset=\"https:\/\/noti-xpi.org\/wp-content\/uploads\/2026\/04\/Beatriz-Evangelista.png 1667w, https:\/\/noti-xpi.org\/wp-content\/uploads\/2026\/04\/Beatriz-Evangelista-200x300.png 200w, https:\/\/noti-xpi.org\/wp-content\/uploads\/2026\/04\/Beatriz-Evangelista-683x1024.png 683w, https:\/\/noti-xpi.org\/wp-content\/uploads\/2026\/04\/Beatriz-Evangelista-768x1152.png 768w, https:\/\/noti-xpi.org\/wp-content\/uploads\/2026\/04\/Beatriz-Evangelista-1024x1536.png 1024w, https:\/\/noti-xpi.org\/wp-content\/uploads\/2026\/04\/Beatriz-Evangelista-1366x2048.png 1366w\" sizes=\"auto, (max-width: 1667px) 100vw, 1667px\" \/><\/p>\n","protected":false},"excerpt":{"rendered":"<p>NUEVA TEMPORADA DE \u00abHOMOLONGEVUS 100 A\u00d1OS Y M\u00c1S\u201d MAUSSAN TELEVISI\u00d3N Y BEATRIZ EVANGELISTA PRESENTAN UNA NUEVA TEMPORADA DE \u00abHOMOLONGEVUS 100 A\u00d1OS Y M\u00c1S\u201d \u00a0La reconocida periodista de investigaci\u00f3n estrena nueva temporada este domingo 19 de abril \u00a0A trav\u00e9s de casos reales de \u00abBiohackers del estilo de vida\u00bb, el programa revelar\u00e1 c\u00f3mo impactar la biolog\u00eda propia [&hellip;]<\/p>\n","protected":false},"author":1,"featured_media":0,"parent":0,"menu_order":0,"comment_status":"closed","ping_status":"closed","template":"","meta":{"footnotes":""},"class_list":["post-11583","page","type-page","status-publish","hentry"],"_links":{"self":[{"href":"https:\/\/noti-xpi.org\/index.php?rest_route=\/wp\/v2\/pages\/11583","targetHints":{"allow":["GET"]}}],"collection":[{"href":"https:\/\/noti-xpi.org\/index.php?rest_route=\/wp\/v2\/pages"}],"about":[{"href":"https:\/\/noti-xpi.org\/index.php?rest_route=\/wp\/v2\/types\/page"}],"author":[{"embeddable":true,"href":"https:\/\/noti-xpi.org\/index.php?rest_route=\/wp\/v2\/users\/1"}],"replies":[{"embeddable":true,"href":"https:\/\/noti-xpi.org\/index.php?rest_route=%2Fwp%2Fv2%2Fcomments&post=11583"}],"version-history":[{"count":4,"href":"https:\/\/noti-xpi.org\/index.php?rest_route=\/wp\/v2\/pages\/11583\/revisions"}],"predecessor-version":[{"id":11592,"href":"https:\/\/noti-xpi.org\/index.php?rest_route=\/wp\/v2\/pages\/11583\/revisions\/11592"}],"wp:attachment":[{"href":"https:\/\/noti-xpi.org\/index.php?rest_route=%2Fwp%2Fv2%2Fmedia&parent=11583"}],"curies":[{"name":"wp","href":"https:\/\/api.w.org\/{rel}","templated":true}]}}