{"id":11706,"date":"2026-04-30T20:04:15","date_gmt":"2026-04-30T20:04:15","guid":{"rendered":"https:\/\/noti-xpi.org\/?page_id=11706"},"modified":"2026-05-01T00:36:55","modified_gmt":"2026-05-01T00:36:55","slug":"ballet-folklorico-de-mexico-de-amalia-hernandez-celebra-el-dia-internacional-de-la-danza-2026-con-una-presentacion-estelar-en-el-palacio-legislativo-de-san-lazaro","status":"publish","type":"page","link":"https:\/\/noti-xpi.org\/?page_id=11706","title":{"rendered":"Ballet Folkl\u00f3rico de M\u00e9xico de Amalia Hern\u00e1ndez\u00a0celebra el D\u00eda Internacional de la Danza 2026 con una presentaci\u00f3n estelar en el Palacio Legislativo de San L\u00e1zaro"},"content":{"rendered":"<h3 style=\"text-align: center;\"><span style=\"color: #800000;\"><em><strong>Ballet Folkl\u00f3rico de M\u00e9xico de Amalia Hern\u00e1ndez\u00a0celebra el D\u00eda Internacional de la Danza 2026 con una presentaci\u00f3n estelar en el Palacio Legislativo de San L\u00e1zaro<\/strong><\/em><\/span><\/h3>\n<p><img loading=\"lazy\" decoding=\"async\" class=\"alignnone size-full wp-image-11713\" src=\"https:\/\/noti-xpi.org\/wp-content\/uploads\/2026\/05\/WhatsApp-Image-2026-04-30-at-11.26.25-AM.jpeg\" alt=\"\" width=\"1280\" height=\"720\" srcset=\"https:\/\/noti-xpi.org\/wp-content\/uploads\/2026\/05\/WhatsApp-Image-2026-04-30-at-11.26.25-AM.jpeg 1280w, https:\/\/noti-xpi.org\/wp-content\/uploads\/2026\/05\/WhatsApp-Image-2026-04-30-at-11.26.25-AM-300x169.jpeg 300w, https:\/\/noti-xpi.org\/wp-content\/uploads\/2026\/05\/WhatsApp-Image-2026-04-30-at-11.26.25-AM-1024x576.jpeg 1024w, https:\/\/noti-xpi.org\/wp-content\/uploads\/2026\/05\/WhatsApp-Image-2026-04-30-at-11.26.25-AM-768x432.jpeg 768w\" sizes=\"auto, (max-width: 1280px) 100vw, 1280px\" \/><\/p>\n<p><span style=\"color: #000000;\">El Ballet Folkl\u00f3rico de M\u00e9xico de Amalia Hern\u00e1ndez celebr\u00f3 el pasado 29 de abril 2026, el D\u00eda Internacional de la Danza 2026 con una presentaci\u00f3n estelar en el Palacio Legislativo de San L\u00e1zaro, sede de la C\u00e1mara de Diputados.<\/span><\/p>\n<p><span style=\"color: #000000;\">Este evento form\u00f3 parte de las actividades culturales destacadas para conmemorar esta fecha en el recinto legislativo.<span class=\"uJ19be notranslate\" data-sfc-root=\"c\" data-wiz-uids=\"VHTPP_j,VHTPP_k\" data-sfc-cb=\"\"><span class=\"vKEkVd\" data-animation-atomic=\"\" data-wiz-attrbind=\"class=VHTPP_i\/TKHnVd\"><span aria-hidden=\"true\">\u00a0<\/span><\/span><\/span><\/span><\/p>\n<p><img loading=\"lazy\" decoding=\"async\" class=\"alignnone size-full wp-image-11712\" src=\"https:\/\/noti-xpi.org\/wp-content\/uploads\/2026\/05\/WhatsApp-Image-2026-04-30-at-11.16.31-AM.jpeg\" alt=\"\" width=\"1521\" height=\"675\" srcset=\"https:\/\/noti-xpi.org\/wp-content\/uploads\/2026\/05\/WhatsApp-Image-2026-04-30-at-11.16.31-AM.jpeg 1521w, https:\/\/noti-xpi.org\/wp-content\/uploads\/2026\/05\/WhatsApp-Image-2026-04-30-at-11.16.31-AM-300x133.jpeg 300w, https:\/\/noti-xpi.org\/wp-content\/uploads\/2026\/05\/WhatsApp-Image-2026-04-30-at-11.16.31-AM-1024x454.jpeg 1024w, https:\/\/noti-xpi.org\/wp-content\/uploads\/2026\/05\/WhatsApp-Image-2026-04-30-at-11.16.31-AM-768x341.jpeg 768w\" sizes=\"auto, (max-width: 1521px) 100vw, 1521px\" \/><\/p>\n<div class=\"html-div xdj266r x14z9mp xat24cr x1lziwak xexx8yu xyri2b x18d9i69 x1c1uobl\">\n<div class=\"html-div xdj266r x14z9mp xat24cr x1lziwak xexx8yu xyri2b x18d9i69 x1c1uobl\">\n<div class=\"html-div xdj266r x14z9mp xat24cr x1lziwak xexx8yu xyri2b x18d9i69 x1c1uobl\">\n<div class=\"html-div xdj266r x14z9mp xat24cr x1lziwak xexx8yu xyri2b x18d9i69 x1c1uobl\">\n<div class=\"html-div xdj266r x14z9mp x1lziwak x18d9i69 x1cy8zhl x78zum5 x1q0g3np xod5an3 xz9dl7a x1g0dm76 xpdmqnj\">\n<div class=\"html-div xdj266r x14z9mp xat24cr x1lziwak xexx8yu xyri2b x18d9i69 x1c1uobl x1iyjqo2 xeuugli\">\n<div class=\"x78zum5 xdt5ytf xz62fqu x16ldp7u\">\n<div class=\"xu06os2 x1ok221b\">\n<div class=\"html-div xdj266r x14z9mp xat24cr x1lziwak xexx8yu xyri2b x18d9i69 x1c1uobl x6s0dn4 x17zd0t2 x78zum5 x1q0g3np x1a02dak\"><span style=\"color: #000000;\">\u00a1Se vivi\u00f3 un encuentro lleno de tradici\u00f3n, color y orgullo mexicano!<\/span><\/div>\n<\/div>\n<\/div>\n<\/div>\n<\/div>\n<\/div>\n<div class=\"html-div xdj266r x14z9mp xat24cr x1lziwak xexx8yu xyri2b x18d9i69 x1c1uobl\">\n<div class=\"html-div xdj266r x14z9mp xat24cr x1lziwak xexx8yu xyri2b x18d9i69 x1c1uobl\" dir=\"auto\">\n<div class=\"html-div xdj266r x14z9mp xat24cr x1lziwak xexx8yu xyri2b x18d9i69 x1c1uobl\" data-ad-rendering-role=\"story_message\">\n<div class=\"x1l90r2v x1iorvi4 x1g0dm76 xpdmqnj\" data-ad-comet-preview=\"message\" data-ad-preview=\"message\">\n<div class=\"x78zum5 xdt5ytf xz62fqu x16ldp7u\">\n<div class=\"xu06os2 x1ok221b\">\n<div class=\"html-div xdj266r x14z9mp xat24cr x1lziwak xexx8yu xyri2b x18d9i69 x1c1uobl\">\n<div class=\"x14z9mp xat24cr x1lziwak x1vvkbs xtlvy1s x126k92a\">\n<div dir=\"auto\"><\/div>\n<\/div>\n<div class=\"x14z9mp xat24cr x1lziwak x1vvkbs xtlvy1s x126k92a\">\n<div dir=\"auto\"><span style=\"color: #000000;\">Con la fundadora Amalia Hern\u00e1ndez, quien ha llevado la danza mexicana a los escenarios m\u00e1s importantes del mundo, fusionando ra\u00edces ind\u00edgenas, mestizas y contempor\u00e1neas en un espect\u00e1culo que honra nuestra identidad cultural.<\/span><\/div>\n<div dir=\"auto\"><\/div>\n<\/div>\n<\/div>\n<div dir=\"auto\"><span style=\"color: #000000;\">Fue Entrada gratuita donde los asistentes vivieron una gran experiencia.<\/span><\/div>\n<\/div>\n<\/div>\n<\/div>\n<\/div>\n<\/div>\n<\/div>\n<\/div>\n<\/div>\n<\/div>\n<div dir=\"auto\"><\/div>\n<div dir=\"auto\"><img loading=\"lazy\" decoding=\"async\" class=\"alignnone size-full wp-image-11709\" src=\"https:\/\/noti-xpi.org\/wp-content\/uploads\/2026\/05\/WhatsApp-Image-2026-04-30-at-11.16.31-AM-1.jpeg\" alt=\"\" width=\"1600\" height=\"1200\" srcset=\"https:\/\/noti-xpi.org\/wp-content\/uploads\/2026\/05\/WhatsApp-Image-2026-04-30-at-11.16.31-AM-1.jpeg 1600w, https:\/\/noti-xpi.org\/wp-content\/uploads\/2026\/05\/WhatsApp-Image-2026-04-30-at-11.16.31-AM-1-300x225.jpeg 300w, https:\/\/noti-xpi.org\/wp-content\/uploads\/2026\/05\/WhatsApp-Image-2026-04-30-at-11.16.31-AM-1-1024x768.jpeg 1024w, https:\/\/noti-xpi.org\/wp-content\/uploads\/2026\/05\/WhatsApp-Image-2026-04-30-at-11.16.31-AM-1-768x576.jpeg 768w, https:\/\/noti-xpi.org\/wp-content\/uploads\/2026\/05\/WhatsApp-Image-2026-04-30-at-11.16.31-AM-1-1536x1152.jpeg 1536w\" sizes=\"auto, (max-width: 1600px) 100vw, 1600px\" \/><\/div>\n<div dir=\"auto\"><\/div>\n<div dir=\"auto\"><span style=\"color: #000000;\">Tambi\u00e9n la Directora Art\u00edstica\u00a0 del Ballet Folkl\u00f3rico de M\u00e9xico de Amalia Hern\u00e1ndez, la Mtra. Viviana Basanta Hern\u00e1ndez, recibi\u00f3 un reconocimiento por la presentaci\u00f3n en el D\u00eda Internacional de la Danza, como parte del programa cultural de la C\u00e1mara de Diputados.\u00a0<\/span><\/div>\n<div dir=\"auto\"><\/div>\n<div dir=\"auto\"><img loading=\"lazy\" decoding=\"async\" class=\"alignnone size-full wp-image-11707\" src=\"https:\/\/noti-xpi.org\/wp-content\/uploads\/2026\/05\/WhatsApp-Image-2026-04-30-at-11.16.20-AM.jpeg\" alt=\"\" width=\"1200\" height=\"1600\" srcset=\"https:\/\/noti-xpi.org\/wp-content\/uploads\/2026\/05\/WhatsApp-Image-2026-04-30-at-11.16.20-AM.jpeg 1200w, https:\/\/noti-xpi.org\/wp-content\/uploads\/2026\/05\/WhatsApp-Image-2026-04-30-at-11.16.20-AM-225x300.jpeg 225w, https:\/\/noti-xpi.org\/wp-content\/uploads\/2026\/05\/WhatsApp-Image-2026-04-30-at-11.16.20-AM-768x1024.jpeg 768w, https:\/\/noti-xpi.org\/wp-content\/uploads\/2026\/05\/WhatsApp-Image-2026-04-30-at-11.16.20-AM-1152x1536.jpeg 1152w\" sizes=\"auto, (max-width: 1200px) 100vw, 1200px\" \/><\/div>\n<h3 dir=\"auto\" style=\"text-align: center;\"><strong><span style=\"color: #993366;\">Galer\u00eda evento\u00a0<\/span><\/strong><\/h3>\n<p><img loading=\"lazy\" decoding=\"async\" class=\"alignnone size-full wp-image-11710\" src=\"https:\/\/noti-xpi.org\/wp-content\/uploads\/2026\/05\/WhatsApp-Image-2026-04-30-at-11.16.31-AM-2.jpeg\" alt=\"\" width=\"720\" height=\"1280\" srcset=\"https:\/\/noti-xpi.org\/wp-content\/uploads\/2026\/05\/WhatsApp-Image-2026-04-30-at-11.16.31-AM-2.jpeg 720w, https:\/\/noti-xpi.org\/wp-content\/uploads\/2026\/05\/WhatsApp-Image-2026-04-30-at-11.16.31-AM-2-169x300.jpeg 169w, https:\/\/noti-xpi.org\/wp-content\/uploads\/2026\/05\/WhatsApp-Image-2026-04-30-at-11.16.31-AM-2-576x1024.jpeg 576w\" sizes=\"auto, (max-width: 720px) 100vw, 720px\" \/><\/p>\n<p><img loading=\"lazy\" decoding=\"async\" class=\"alignnone size-full wp-image-11711\" src=\"https:\/\/noti-xpi.org\/wp-content\/uploads\/2026\/05\/WhatsApp-Image-2026-04-30-at-11.16.31-AM-3.jpeg\" alt=\"\" width=\"720\" height=\"1280\" srcset=\"https:\/\/noti-xpi.org\/wp-content\/uploads\/2026\/05\/WhatsApp-Image-2026-04-30-at-11.16.31-AM-3.jpeg 720w, https:\/\/noti-xpi.org\/wp-content\/uploads\/2026\/05\/WhatsApp-Image-2026-04-30-at-11.16.31-AM-3-169x300.jpeg 169w, https:\/\/noti-xpi.org\/wp-content\/uploads\/2026\/05\/WhatsApp-Image-2026-04-30-at-11.16.31-AM-3-576x1024.jpeg 576w\" sizes=\"auto, (max-width: 720px) 100vw, 720px\" \/><\/p>\n<p><img loading=\"lazy\" decoding=\"async\" class=\"alignnone size-full wp-image-11714\" src=\"https:\/\/noti-xpi.org\/wp-content\/uploads\/2026\/05\/WhatsApp-Image-2026-04-30-at-11.26.26-AM.jpeg\" alt=\"\" width=\"1600\" height=\"1200\" srcset=\"https:\/\/noti-xpi.org\/wp-content\/uploads\/2026\/05\/WhatsApp-Image-2026-04-30-at-11.26.26-AM.jpeg 1600w, https:\/\/noti-xpi.org\/wp-content\/uploads\/2026\/05\/WhatsApp-Image-2026-04-30-at-11.26.26-AM-300x225.jpeg 300w, https:\/\/noti-xpi.org\/wp-content\/uploads\/2026\/05\/WhatsApp-Image-2026-04-30-at-11.26.26-AM-1024x768.jpeg 1024w, https:\/\/noti-xpi.org\/wp-content\/uploads\/2026\/05\/WhatsApp-Image-2026-04-30-at-11.26.26-AM-768x576.jpeg 768w, https:\/\/noti-xpi.org\/wp-content\/uploads\/2026\/05\/WhatsApp-Image-2026-04-30-at-11.26.26-AM-1536x1152.jpeg 1536w\" sizes=\"auto, (max-width: 1600px) 100vw, 1600px\" \/><\/p>\n<div dir=\"auto\"><\/div>\n<div dir=\"auto\"><\/div>\n<div dir=\"auto\"><\/div>\n<div dir=\"auto\"><\/div>\n<div dir=\"auto\"><\/div>\n<div class=\"html-div xdj266r x14z9mp xat24cr x1lziwak xexx8yu xyri2b x18d9i69 x1c1uobl\">\n<div class=\"html-div xdj266r x14z9mp xat24cr x1lziwak xexx8yu xyri2b x18d9i69 x1c1uobl\">\n<div class=\"html-div xdj266r x14z9mp xat24cr x1lziwak xexx8yu xyri2b x18d9i69 x1c1uobl\">\n<div class=\"html-div xdj266r x14z9mp xat24cr x1lziwak xexx8yu xyri2b x18d9i69 x1c1uobl\">\n<div class=\"html-div xdj266r x14z9mp xat24cr x1lziwak xexx8yu xyri2b x18d9i69 x1c1uobl\" dir=\"auto\">\n<div class=\"html-div xdj266r x14z9mp xat24cr x1lziwak xexx8yu xyri2b x18d9i69 x1c1uobl\" data-ad-rendering-role=\"story_message\">\n<div class=\"x1l90r2v x1iorvi4 x1g0dm76 xpdmqnj\" data-ad-comet-preview=\"message\" data-ad-preview=\"message\">\n<div class=\"x78zum5 xdt5ytf xz62fqu x16ldp7u\">\n<div dir=\"auto\"><\/div>\n<div class=\"xu06os2 x1ok221b\">\n<div class=\"html-div xdj266r x14z9mp xat24cr x1lziwak xexx8yu xyri2b x18d9i69 x1c1uobl\">\n<div dir=\"auto\"><\/div>\n<\/div>\n<\/div>\n<\/div>\n<\/div>\n<\/div>\n<\/div>\n<\/div>\n<\/div>\n<\/div>\n<\/div>\n","protected":false},"excerpt":{"rendered":"<p>Ballet Folkl\u00f3rico de M\u00e9xico de Amalia Hern\u00e1ndez\u00a0celebra el D\u00eda Internacional de la Danza 2026 con una presentaci\u00f3n estelar en el Palacio Legislativo de San L\u00e1zaro El Ballet Folkl\u00f3rico de M\u00e9xico de Amalia Hern\u00e1ndez celebr\u00f3 el pasado 29 de abril 2026, el D\u00eda Internacional de la Danza 2026 con una presentaci\u00f3n estelar en el Palacio Legislativo [&hellip;]<\/p>\n","protected":false},"author":1,"featured_media":0,"parent":0,"menu_order":0,"comment_status":"closed","ping_status":"closed","template":"","meta":{"footnotes":""},"class_list":["post-11706","page","type-page","status-publish","hentry"],"_links":{"self":[{"href":"https:\/\/noti-xpi.org\/index.php?rest_route=\/wp\/v2\/pages\/11706","targetHints":{"allow":["GET"]}}],"collection":[{"href":"https:\/\/noti-xpi.org\/index.php?rest_route=\/wp\/v2\/pages"}],"about":[{"href":"https:\/\/noti-xpi.org\/index.php?rest_route=\/wp\/v2\/types\/page"}],"author":[{"embeddable":true,"href":"https:\/\/noti-xpi.org\/index.php?rest_route=\/wp\/v2\/users\/1"}],"replies":[{"embeddable":true,"href":"https:\/\/noti-xpi.org\/index.php?rest_route=%2Fwp%2Fv2%2Fcomments&post=11706"}],"version-history":[{"count":3,"href":"https:\/\/noti-xpi.org\/index.php?rest_route=\/wp\/v2\/pages\/11706\/revisions"}],"predecessor-version":[{"id":11719,"href":"https:\/\/noti-xpi.org\/index.php?rest_route=\/wp\/v2\/pages\/11706\/revisions\/11719"}],"wp:attachment":[{"href":"https:\/\/noti-xpi.org\/index.php?rest_route=%2Fwp%2Fv2%2Fmedia&parent=11706"}],"curies":[{"name":"wp","href":"https:\/\/api.w.org\/{rel}","templated":true}]}}